{"id":94,"date":"2021-03-02T21:48:16","date_gmt":"2021-03-02T20:48:16","guid":{"rendered":"https:\/\/kleingrosswunderbar.de\/?page_id=94"},"modified":"2021-04-08T20:35:39","modified_gmt":"2021-04-08T19:35:39","slug":"das-konzept-klein-gross-wunderbar","status":"publish","type":"page","link":"https:\/\/kleingrosswunderbar.de\/?page_id=94","title":{"rendered":"Mein Konzept &#8222;KleinGrossWunderbar&#8220;"},"content":{"rendered":"\n<p class=\"has-medium-font-size\">steht f\u00fcr eine bed\u00fcrfnisorientierte, nat\u00fcrliche, wertfreie und respektvolle Beziehung&nbsp;zwischen Erwachsenen und Kindern.<\/p>\n\n\n\n<p class=\"has-medium-font-size\">In meinen Eltern-Kind-Kursen biete ich eine an die Bed\u00fcrfnisse deines Kindes angepassste Umgebung und stehe euch als Familie&nbsp;unterst\u00fctzend zur Seite. Durch eine abgestimmte Kombination aus Spiel-, Sinnes-, und Bewegungsanregungen, sowie festen Ritualen wird die Entwicklung deines Kindes gef\u00f6rdert&nbsp;und das Familienleben gest\u00e4rkt.<\/p>\n","protected":false},"excerpt":{"rendered":"<p>steht f\u00fcr eine bed\u00fcrfnisorientierte, nat\u00fcrliche, wertfreie und respektvolle Beziehung&nbsp;zwischen Erwachsenen und Kindern. In meinen Eltern-Kind-Kursen biete ich eine an die Bed\u00fcrfnisse deines Kindes angepassste Umgebung und stehe euch als Familie&nbsp;unterst\u00fctzend zur Seite. Durch eine abgestimmte Kombination aus Spiel-, Sinnes-, und Bewegungsanregungen, sowie festen Ritualen wird die Entwicklung deines Kindes gef\u00f6rdert&nbsp;und [&hellip;]<\/p>\n","protected":false},"author":1,"featured_media":90,"parent":0,"menu_order":2,"comment_status":"closed","ping_status":"closed","template":"","meta":{"footnotes":""},"class_list":["post-94","page","type-page","status-publish","has-post-thumbnail","hentry"],"yoast_head":"<!-- This site is optimized with the Yoast SEO plugin v27.4 - https:\/\/yoast.com\/product\/yoast-seo-wordpress\/ -->\n<title>Mein Konzept &quot;KleinGrossWunderbar&quot; - KleinGrossWunderbar<\/title>\n<meta name=\"robots\" content=\"index, follow, max-snippet:-1, max-image-preview:large, max-video-preview:-1\" \/>\n<link rel=\"canonical\" href=\"https:\/\/kleingrosswunderbar.de\/?page_id=94\" \/>\n<meta property=\"og:locale\" content=\"de_DE\" \/>\n<meta property=\"og:type\" content=\"article\" \/>\n<meta property=\"og:title\" content=\"Mein Konzept &quot;KleinGrossWunderbar&quot; - KleinGrossWunderbar\" \/>\n<meta property=\"og:description\" content=\"steht f\u00fcr eine bed\u00fcrfnisorientierte, nat\u00fcrliche, wertfreie und respektvolle Beziehung&nbsp;zwischen Erwachsenen und Kindern. In meinen Eltern-Kind-Kursen biete ich eine an die Bed\u00fcrfnisse deines Kindes angepassste Umgebung und stehe euch als Familie&nbsp;unterst\u00fctzend zur Seite. Durch eine abgestimmte Kombination aus Spiel-, Sinnes-, und Bewegungsanregungen, sowie festen Ritualen wird die Entwicklung deines Kindes gef\u00f6rdert&nbsp;und [&hellip;]\" \/>\n<meta property=\"og:url\" content=\"https:\/\/kleingrosswunderbar.de\/?page_id=94\" \/>\n<meta property=\"og:site_name\" content=\"KleinGrossWunderbar\" \/>\n<meta property=\"article:modified_time\" content=\"2021-04-08T19:35:39+00:00\" \/>\n<meta property=\"og:image\" content=\"https:\/\/i1.wp.com\/kleingrosswunderbar.de\/wp-content\/uploads\/2021\/03\/Logo-1.png?fit=4536%2C2010&ssl=1\" \/>\n\t<meta property=\"og:image:width\" content=\"4536\" \/>\n\t<meta property=\"og:image:height\" content=\"2010\" \/>\n\t<meta property=\"og:image:type\" content=\"image\/png\" \/>\n<meta name=\"twitter:card\" content=\"summary_large_image\" \/>\n<meta name=\"twitter:label1\" content=\"Gesch\u00e4tzte Lesezeit\" \/>\n\t<meta name=\"twitter:data1\" content=\"1\u00a0Minute\" \/>\n<script type=\"application\/ld+json\" class=\"yoast-schema-graph\">{\"@context\":\"https:\\\/\\\/schema.org\",\"@graph\":[{\"@type\":\"WebPage\",\"@id\":\"https:\\\/\\\/kleingrosswunderbar.de\\\/?page_id=94\",\"url\":\"https:\\\/\\\/kleingrosswunderbar.de\\\/?page_id=94\",\"name\":\"Mein Konzept \\\"KleinGrossWunderbar\\\" - KleinGrossWunderbar\",\"isPartOf\":{\"@id\":\"https:\\\/\\\/kleingrosswunderbar.de\\\/#website\"},\"primaryImageOfPage\":{\"@id\":\"https:\\\/\\\/kleingrosswunderbar.de\\\/?page_id=94#primaryimage\"},\"image\":{\"@id\":\"https:\\\/\\\/kleingrosswunderbar.de\\\/?page_id=94#primaryimage\"},\"thumbnailUrl\":\"https:\\\/\\\/i0.wp.com\\\/kleingrosswunderbar.de\\\/wp-content\\\/uploads\\\/2021\\\/03\\\/Logo-1.png?fit=4536%2C2010&ssl=1\",\"datePublished\":\"2021-03-02T20:48:16+00:00\",\"dateModified\":\"2021-04-08T19:35:39+00:00\",\"breadcrumb\":{\"@id\":\"https:\\\/\\\/kleingrosswunderbar.de\\\/?page_id=94#breadcrumb\"},\"inLanguage\":\"de\",\"potentialAction\":[{\"@type\":\"ReadAction\",\"target\":[\"https:\\\/\\\/kleingrosswunderbar.de\\\/?page_id=94\"]}]},{\"@type\":\"ImageObject\",\"inLanguage\":\"de\",\"@id\":\"https:\\\/\\\/kleingrosswunderbar.de\\\/?page_id=94#primaryimage\",\"url\":\"https:\\\/\\\/i0.wp.com\\\/kleingrosswunderbar.de\\\/wp-content\\\/uploads\\\/2021\\\/03\\\/Logo-1.png?fit=4536%2C2010&ssl=1\",\"contentUrl\":\"https:\\\/\\\/i0.wp.com\\\/kleingrosswunderbar.de\\\/wp-content\\\/uploads\\\/2021\\\/03\\\/Logo-1.png?fit=4536%2C2010&ssl=1\",\"width\":4536,\"height\":2010},{\"@type\":\"BreadcrumbList\",\"@id\":\"https:\\\/\\\/kleingrosswunderbar.de\\\/?page_id=94#breadcrumb\",\"itemListElement\":[{\"@type\":\"ListItem\",\"position\":1,\"name\":\"Home\",\"item\":\"https:\\\/\\\/kleingrosswunderbar.de\\\/\"},{\"@type\":\"ListItem\",\"position\":2,\"name\":\"Mein Konzept &#8222;KleinGrossWunderbar&#8220;\"}]},{\"@type\":\"WebSite\",\"@id\":\"https:\\\/\\\/kleingrosswunderbar.de\\\/#website\",\"url\":\"https:\\\/\\\/kleingrosswunderbar.de\\\/\",\"name\":\"KleinGrossWunderbar\",\"description\":\"Kurse f\u00fcr dich und dein Kind\",\"potentialAction\":[{\"@type\":\"SearchAction\",\"target\":{\"@type\":\"EntryPoint\",\"urlTemplate\":\"https:\\\/\\\/kleingrosswunderbar.de\\\/?s={search_term_string}\"},\"query-input\":{\"@type\":\"PropertyValueSpecification\",\"valueRequired\":true,\"valueName\":\"search_term_string\"}}],\"inLanguage\":\"de\"}]}<\/script>\n<!-- \/ Yoast SEO plugin. -->","yoast_head_json":{"title":"Mein Konzept \"KleinGrossWunderbar\" - KleinGrossWunderbar","robots":{"index":"index","follow":"follow","max-snippet":"max-snippet:-1","max-image-preview":"max-image-preview:large","max-video-preview":"max-video-preview:-1"},"canonical":"https:\/\/kleingrosswunderbar.de\/?page_id=94","og_locale":"de_DE","og_type":"article","og_title":"Mein Konzept \"KleinGrossWunderbar\" - KleinGrossWunderbar","og_description":"steht f\u00fcr eine bed\u00fcrfnisorientierte, nat\u00fcrliche, wertfreie und respektvolle Beziehung&nbsp;zwischen Erwachsenen und Kindern. In meinen Eltern-Kind-Kursen biete ich eine an die Bed\u00fcrfnisse deines Kindes angepassste Umgebung und stehe euch als Familie&nbsp;unterst\u00fctzend zur Seite. Durch eine abgestimmte Kombination aus Spiel-, Sinnes-, und Bewegungsanregungen, sowie festen Ritualen wird die Entwicklung deines Kindes gef\u00f6rdert&nbsp;und [&hellip;]","og_url":"https:\/\/kleingrosswunderbar.de\/?page_id=94","og_site_name":"KleinGrossWunderbar","article_modified_time":"2021-04-08T19:35:39+00:00","og_image":[{"width":4536,"height":2010,"url":"https:\/\/i1.wp.com\/kleingrosswunderbar.de\/wp-content\/uploads\/2021\/03\/Logo-1.png?fit=4536%2C2010&ssl=1","type":"image\/png"}],"twitter_card":"summary_large_image","twitter_misc":{"Gesch\u00e4tzte Lesezeit":"1\u00a0Minute"},"schema":{"@context":"https:\/\/schema.org","@graph":[{"@type":"WebPage","@id":"https:\/\/kleingrosswunderbar.de\/?page_id=94","url":"https:\/\/kleingrosswunderbar.de\/?page_id=94","name":"Mein Konzept \"KleinGrossWunderbar\" - KleinGrossWunderbar","isPartOf":{"@id":"https:\/\/kleingrosswunderbar.de\/#website"},"primaryImageOfPage":{"@id":"https:\/\/kleingrosswunderbar.de\/?page_id=94#primaryimage"},"image":{"@id":"https:\/\/kleingrosswunderbar.de\/?page_id=94#primaryimage"},"thumbnailUrl":"https:\/\/i0.wp.com\/kleingrosswunderbar.de\/wp-content\/uploads\/2021\/03\/Logo-1.png?fit=4536%2C2010&ssl=1","datePublished":"2021-03-02T20:48:16+00:00","dateModified":"2021-04-08T19:35:39+00:00","breadcrumb":{"@id":"https:\/\/kleingrosswunderbar.de\/?page_id=94#breadcrumb"},"inLanguage":"de","potentialAction":[{"@type":"ReadAction","target":["https:\/\/kleingrosswunderbar.de\/?page_id=94"]}]},{"@type":"ImageObject","inLanguage":"de","@id":"https:\/\/kleingrosswunderbar.de\/?page_id=94#primaryimage","url":"https:\/\/i0.wp.com\/kleingrosswunderbar.de\/wp-content\/uploads\/2021\/03\/Logo-1.png?fit=4536%2C2010&ssl=1","contentUrl":"https:\/\/i0.wp.com\/kleingrosswunderbar.de\/wp-content\/uploads\/2021\/03\/Logo-1.png?fit=4536%2C2010&ssl=1","width":4536,"height":2010},{"@type":"BreadcrumbList","@id":"https:\/\/kleingrosswunderbar.de\/?page_id=94#breadcrumb","itemListElement":[{"@type":"ListItem","position":1,"name":"Home","item":"https:\/\/kleingrosswunderbar.de\/"},{"@type":"ListItem","position":2,"name":"Mein Konzept &#8222;KleinGrossWunderbar&#8220;"}]},{"@type":"WebSite","@id":"https:\/\/kleingrosswunderbar.de\/#website","url":"https:\/\/kleingrosswunderbar.de\/","name":"KleinGrossWunderbar","description":"Kurse f\u00fcr dich und dein Kind","potentialAction":[{"@type":"SearchAction","target":{"@type":"EntryPoint","urlTemplate":"https:\/\/kleingrosswunderbar.de\/?s={search_term_string}"},"query-input":{"@type":"PropertyValueSpecification","valueRequired":true,"valueName":"search_term_string"}}],"inLanguage":"de"}]}},"jetpack_sharing_enabled":true,"_links":{"self":[{"href":"https:\/\/kleingrosswunderbar.de\/index.php?rest_route=\/wp\/v2\/pages\/94","targetHints":{"allow":["GET"]}}],"collection":[{"href":"https:\/\/kleingrosswunderbar.de\/index.php?rest_route=\/wp\/v2\/pages"}],"about":[{"href":"https:\/\/kleingrosswunderbar.de\/index.php?rest_route=\/wp\/v2\/types\/page"}],"author":[{"embeddable":true,"href":"https:\/\/kleingrosswunderbar.de\/index.php?rest_route=\/wp\/v2\/users\/1"}],"replies":[{"embeddable":true,"href":"https:\/\/kleingrosswunderbar.de\/index.php?rest_route=%2Fwp%2Fv2%2Fcomments&post=94"}],"version-history":[{"count":15,"href":"https:\/\/kleingrosswunderbar.de\/index.php?rest_route=\/wp\/v2\/pages\/94\/revisions"}],"predecessor-version":[{"id":162,"href":"https:\/\/kleingrosswunderbar.de\/index.php?rest_route=\/wp\/v2\/pages\/94\/revisions\/162"}],"wp:featuredmedia":[{"embeddable":true,"href":"https:\/\/kleingrosswunderbar.de\/index.php?rest_route=\/wp\/v2\/media\/90"}],"wp:attachment":[{"href":"https:\/\/kleingrosswunderbar.de\/index.php?rest_route=%2Fwp%2Fv2%2Fmedia&parent=94"}],"curies":[{"name":"wp","href":"https:\/\/api.w.org\/{rel}","templated":true}]}}