{"id":123,"date":"2021-04-08T19:10:46","date_gmt":"2021-04-08T18:10:46","guid":{"rendered":"https:\/\/kleingrosswunderbar.de\/?page_id=123"},"modified":"2021-08-30T11:12:47","modified_gmt":"2021-08-30T10:12:47","slug":"ueber-mich","status":"publish","type":"page","link":"https:\/\/kleingrosswunderbar.de\/?page_id=123","title":{"rendered":"\u00dcber mich"},"content":{"rendered":"\n<div class=\"wp-block-cover has-background-dim\"><img data-recalc-dims=\"1\" loading=\"lazy\" decoding=\"async\" width=\"750\" height=\"511\" class=\"wp-block-cover__image-background wp-image-222\" alt=\"\" src=\"https:\/\/i0.wp.com\/kleingrosswunderbar.de\/wp-content\/uploads\/2021\/07\/125b0040-e5e7-4219-b9ec-0601acfc5915.jpg?resize=750%2C511&#038;ssl=1\" data-object-fit=\"cover\" srcset=\"https:\/\/i0.wp.com\/kleingrosswunderbar.de\/wp-content\/uploads\/2021\/07\/125b0040-e5e7-4219-b9ec-0601acfc5915.jpg?w=1600&amp;ssl=1 1600w, https:\/\/i0.wp.com\/kleingrosswunderbar.de\/wp-content\/uploads\/2021\/07\/125b0040-e5e7-4219-b9ec-0601acfc5915.jpg?resize=300%2C205&amp;ssl=1 300w, https:\/\/i0.wp.com\/kleingrosswunderbar.de\/wp-content\/uploads\/2021\/07\/125b0040-e5e7-4219-b9ec-0601acfc5915.jpg?resize=1024%2C698&amp;ssl=1 1024w, https:\/\/i0.wp.com\/kleingrosswunderbar.de\/wp-content\/uploads\/2021\/07\/125b0040-e5e7-4219-b9ec-0601acfc5915.jpg?resize=768%2C524&amp;ssl=1 768w, https:\/\/i0.wp.com\/kleingrosswunderbar.de\/wp-content\/uploads\/2021\/07\/125b0040-e5e7-4219-b9ec-0601acfc5915.jpg?resize=1536%2C1047&amp;ssl=1 1536w\" sizes=\"auto, (max-width: 750px) 100vw, 750px\" \/><div class=\"wp-block-cover__inner-container is-layout-flow wp-block-cover-is-layout-flow\">\n<p class=\"has-large-font-size\"><\/p>\n<\/div><\/div>\n\n\n\n<p><\/p>\n\n\n\n<p class=\"has-medium-font-size\">Ich bin Kristin, ein Oktober- und K\u00fcstenkind&nbsp;des Jahres 1983, gl\u00fccklich verheiratet und Mutter&nbsp;von drei wundervollen Kindern (Kalotta, Jonte, Annik).<\/p>\n\n\n\n<p class=\"has-medium-font-size\">W\u00e4hrend meiner dritten Elternzeit reifte der Entschluss, meine eigenen Vorstellungen f\u00fcr Eltern-Kind-Kurse&nbsp;zu verwirklichen und \u201cKleinGro\u00dfWunderbar\u201d entstehen zu lassen.<\/p>\n\n\n\n<p><\/p>\n\n\n\n<figure class=\"wp-block-table is-style-regular\"><table><tbody><tr><td>2013<br>2015<br>2017<\/td><td>dreifach Mama<\/td><\/tr><tr><td>2018<\/td><td>Gr\u00fcnderin &#8222;KleinGrossWunderbar&#8220;<\/td><\/tr><tr><td><\/td><td>Kursleitung Babytreff<\/td><\/tr><tr><td>2019<\/td><td>Ausbildung beim Landessportverband NRW\u00a0\u201e\u00dcbungsleiter C Lizenz\u201c<\/td><\/tr><tr><td>2020<\/td><td>Ausbildung Zertifizierte Kursleitung &#8222;Babys in Bewegung&#8220;<\/td><\/tr><tr><td><\/td><td>Eltern-Kind-Turnen (1-3 Jahre)&nbsp;und Kinderturnen (3-6 Jahre)<\/td><\/tr><tr><td><\/td><td>Ausbildung Zertifizierte Kursleitung f\u00fcr\u00a0\u201eAbenteuerKinderWelt\u201c<\/td><\/tr><tr><td>2021<\/td><td>Ausbildung Zertifizierte Kursleitung f\u00fcr &#8222;Babymassage<\/td><\/tr><\/tbody><\/table><\/figure>\n\n\n\n<p><\/p>\n\n\n\n<p class=\"has-medium-font-size\">Bevor ich Mama wurde, studierte ich Betriebswirtschaft im Sozial- und Gesundheitswesen und arbeitete&nbsp;in diesem Bereich als Heimleitung&nbsp;direkt an&nbsp;der&nbsp;traumhaften Ostsee in der L\u00fcbecker Bucht.<\/p>\n\n\n\n<p class=\"has-medium-font-size\">Ich freue mich auf euch!<\/p>\n\n\n\n<p><\/p>\n","protected":false},"excerpt":{"rendered":"<p>Ich bin Kristin, ein Oktober- und K\u00fcstenkind&nbsp;des Jahres 1983, gl\u00fccklich verheiratet und Mutter&nbsp;von drei wundervollen Kindern (Kalotta, Jonte, Annik). W\u00e4hrend meiner dritten Elternzeit reifte der Entschluss, meine eigenen Vorstellungen f\u00fcr Eltern-Kind-Kurse&nbsp;zu verwirklichen und \u201cKleinGro\u00dfWunderbar\u201d entstehen zu lassen. 201320152017 dreifach Mama 2018 Gr\u00fcnderin &#8222;KleinGrossWunderbar&#8220; Kursleitung Babytreff 2019 Ausbildung beim Landessportverband NRW\u00a0\u201e\u00dcbungsleiter [&hellip;]<\/p>\n","protected":false},"author":1,"featured_media":90,"parent":0,"menu_order":3,"comment_status":"closed","ping_status":"closed","template":"","meta":{"footnotes":""},"class_list":["post-123","page","type-page","status-publish","has-post-thumbnail","hentry"],"yoast_head":"<!-- This site is optimized with the Yoast SEO plugin v27.4 - https:\/\/yoast.com\/product\/yoast-seo-wordpress\/ -->\n<title>\u00dcber mich - Kristin Greve - KleinGrossWunderbar<\/title>\n<meta name=\"robots\" content=\"index, follow, max-snippet:-1, max-image-preview:large, max-video-preview:-1\" \/>\n<link rel=\"canonical\" href=\"https:\/\/kleingrosswunderbar.de\/?page_id=123\" \/>\n<meta property=\"og:locale\" content=\"de_DE\" \/>\n<meta property=\"og:type\" content=\"article\" \/>\n<meta property=\"og:title\" content=\"\u00dcber mich - Kristin Greve - KleinGrossWunderbar\" \/>\n<meta property=\"og:description\" content=\"Ich bin Kristin, ein Oktober- und K\u00fcstenkind&nbsp;des Jahres 1983, gl\u00fccklich verheiratet und Mutter&nbsp;von drei wundervollen Kindern (Kalotta, Jonte, Annik). W\u00e4hrend meiner dritten Elternzeit reifte der Entschluss, meine eigenen Vorstellungen f\u00fcr Eltern-Kind-Kurse&nbsp;zu verwirklichen und \u201cKleinGro\u00dfWunderbar\u201d entstehen zu lassen. 201320152017 dreifach Mama 2018 Gr\u00fcnderin &#8222;KleinGrossWunderbar&#8220; Kursleitung Babytreff 2019 Ausbildung beim Landessportverband NRW\u00a0\u201e\u00dcbungsleiter [&hellip;]\" \/>\n<meta property=\"og:url\" content=\"https:\/\/kleingrosswunderbar.de\/?page_id=123\" \/>\n<meta property=\"og:site_name\" content=\"KleinGrossWunderbar\" \/>\n<meta property=\"article:modified_time\" content=\"2021-08-30T10:12:47+00:00\" \/>\n<meta property=\"og:image\" content=\"https:\/\/i1.wp.com\/kleingrosswunderbar.de\/wp-content\/uploads\/2021\/03\/Logo-1.png?fit=4536%2C2010&ssl=1\" \/>\n\t<meta property=\"og:image:width\" content=\"4536\" \/>\n\t<meta property=\"og:image:height\" content=\"2010\" \/>\n\t<meta property=\"og:image:type\" content=\"image\/png\" \/>\n<meta name=\"twitter:card\" content=\"summary_large_image\" \/>\n<meta name=\"twitter:label1\" content=\"Gesch\u00e4tzte Lesezeit\" \/>\n\t<meta name=\"twitter:data1\" content=\"1\u00a0Minute\" \/>\n<script type=\"application\/ld+json\" class=\"yoast-schema-graph\">{\"@context\":\"https:\\\/\\\/schema.org\",\"@graph\":[{\"@type\":\"WebPage\",\"@id\":\"https:\\\/\\\/kleingrosswunderbar.de\\\/?page_id=123\",\"url\":\"https:\\\/\\\/kleingrosswunderbar.de\\\/?page_id=123\",\"name\":\"\u00dcber mich - Kristin Greve - KleinGrossWunderbar\",\"isPartOf\":{\"@id\":\"https:\\\/\\\/kleingrosswunderbar.de\\\/#website\"},\"primaryImageOfPage\":{\"@id\":\"https:\\\/\\\/kleingrosswunderbar.de\\\/?page_id=123#primaryimage\"},\"image\":{\"@id\":\"https:\\\/\\\/kleingrosswunderbar.de\\\/?page_id=123#primaryimage\"},\"thumbnailUrl\":\"https:\\\/\\\/i0.wp.com\\\/kleingrosswunderbar.de\\\/wp-content\\\/uploads\\\/2021\\\/03\\\/Logo-1.png?fit=4536%2C2010&ssl=1\",\"datePublished\":\"2021-04-08T18:10:46+00:00\",\"dateModified\":\"2021-08-30T10:12:47+00:00\",\"breadcrumb\":{\"@id\":\"https:\\\/\\\/kleingrosswunderbar.de\\\/?page_id=123#breadcrumb\"},\"inLanguage\":\"de\",\"potentialAction\":[{\"@type\":\"ReadAction\",\"target\":[\"https:\\\/\\\/kleingrosswunderbar.de\\\/?page_id=123\"]}]},{\"@type\":\"ImageObject\",\"inLanguage\":\"de\",\"@id\":\"https:\\\/\\\/kleingrosswunderbar.de\\\/?page_id=123#primaryimage\",\"url\":\"https:\\\/\\\/i0.wp.com\\\/kleingrosswunderbar.de\\\/wp-content\\\/uploads\\\/2021\\\/03\\\/Logo-1.png?fit=4536%2C2010&ssl=1\",\"contentUrl\":\"https:\\\/\\\/i0.wp.com\\\/kleingrosswunderbar.de\\\/wp-content\\\/uploads\\\/2021\\\/03\\\/Logo-1.png?fit=4536%2C2010&ssl=1\",\"width\":4536,\"height\":2010},{\"@type\":\"BreadcrumbList\",\"@id\":\"https:\\\/\\\/kleingrosswunderbar.de\\\/?page_id=123#breadcrumb\",\"itemListElement\":[{\"@type\":\"ListItem\",\"position\":1,\"name\":\"Home\",\"item\":\"https:\\\/\\\/kleingrosswunderbar.de\\\/\"},{\"@type\":\"ListItem\",\"position\":2,\"name\":\"\u00dcber mich\"}]},{\"@type\":\"WebSite\",\"@id\":\"https:\\\/\\\/kleingrosswunderbar.de\\\/#website\",\"url\":\"https:\\\/\\\/kleingrosswunderbar.de\\\/\",\"name\":\"KleinGrossWunderbar\",\"description\":\"Kurse f\u00fcr dich und dein Kind\",\"potentialAction\":[{\"@type\":\"SearchAction\",\"target\":{\"@type\":\"EntryPoint\",\"urlTemplate\":\"https:\\\/\\\/kleingrosswunderbar.de\\\/?s={search_term_string}\"},\"query-input\":{\"@type\":\"PropertyValueSpecification\",\"valueRequired\":true,\"valueName\":\"search_term_string\"}}],\"inLanguage\":\"de\"}]}<\/script>\n<!-- \/ Yoast SEO plugin. -->","yoast_head_json":{"title":"\u00dcber mich - Kristin Greve - KleinGrossWunderbar","robots":{"index":"index","follow":"follow","max-snippet":"max-snippet:-1","max-image-preview":"max-image-preview:large","max-video-preview":"max-video-preview:-1"},"canonical":"https:\/\/kleingrosswunderbar.de\/?page_id=123","og_locale":"de_DE","og_type":"article","og_title":"\u00dcber mich - Kristin Greve - KleinGrossWunderbar","og_description":"Ich bin Kristin, ein Oktober- und K\u00fcstenkind&nbsp;des Jahres 1983, gl\u00fccklich verheiratet und Mutter&nbsp;von drei wundervollen Kindern (Kalotta, Jonte, Annik). W\u00e4hrend meiner dritten Elternzeit reifte der Entschluss, meine eigenen Vorstellungen f\u00fcr Eltern-Kind-Kurse&nbsp;zu verwirklichen und \u201cKleinGro\u00dfWunderbar\u201d entstehen zu lassen. 201320152017 dreifach Mama 2018 Gr\u00fcnderin &#8222;KleinGrossWunderbar&#8220; Kursleitung Babytreff 2019 Ausbildung beim Landessportverband NRW\u00a0\u201e\u00dcbungsleiter [&hellip;]","og_url":"https:\/\/kleingrosswunderbar.de\/?page_id=123","og_site_name":"KleinGrossWunderbar","article_modified_time":"2021-08-30T10:12:47+00:00","og_image":[{"width":4536,"height":2010,"url":"https:\/\/i1.wp.com\/kleingrosswunderbar.de\/wp-content\/uploads\/2021\/03\/Logo-1.png?fit=4536%2C2010&ssl=1","type":"image\/png"}],"twitter_card":"summary_large_image","twitter_misc":{"Gesch\u00e4tzte Lesezeit":"1\u00a0Minute"},"schema":{"@context":"https:\/\/schema.org","@graph":[{"@type":"WebPage","@id":"https:\/\/kleingrosswunderbar.de\/?page_id=123","url":"https:\/\/kleingrosswunderbar.de\/?page_id=123","name":"\u00dcber mich - Kristin Greve - KleinGrossWunderbar","isPartOf":{"@id":"https:\/\/kleingrosswunderbar.de\/#website"},"primaryImageOfPage":{"@id":"https:\/\/kleingrosswunderbar.de\/?page_id=123#primaryimage"},"image":{"@id":"https:\/\/kleingrosswunderbar.de\/?page_id=123#primaryimage"},"thumbnailUrl":"https:\/\/i0.wp.com\/kleingrosswunderbar.de\/wp-content\/uploads\/2021\/03\/Logo-1.png?fit=4536%2C2010&ssl=1","datePublished":"2021-04-08T18:10:46+00:00","dateModified":"2021-08-30T10:12:47+00:00","breadcrumb":{"@id":"https:\/\/kleingrosswunderbar.de\/?page_id=123#breadcrumb"},"inLanguage":"de","potentialAction":[{"@type":"ReadAction","target":["https:\/\/kleingrosswunderbar.de\/?page_id=123"]}]},{"@type":"ImageObject","inLanguage":"de","@id":"https:\/\/kleingrosswunderbar.de\/?page_id=123#primaryimage","url":"https:\/\/i0.wp.com\/kleingrosswunderbar.de\/wp-content\/uploads\/2021\/03\/Logo-1.png?fit=4536%2C2010&ssl=1","contentUrl":"https:\/\/i0.wp.com\/kleingrosswunderbar.de\/wp-content\/uploads\/2021\/03\/Logo-1.png?fit=4536%2C2010&ssl=1","width":4536,"height":2010},{"@type":"BreadcrumbList","@id":"https:\/\/kleingrosswunderbar.de\/?page_id=123#breadcrumb","itemListElement":[{"@type":"ListItem","position":1,"name":"Home","item":"https:\/\/kleingrosswunderbar.de\/"},{"@type":"ListItem","position":2,"name":"\u00dcber mich"}]},{"@type":"WebSite","@id":"https:\/\/kleingrosswunderbar.de\/#website","url":"https:\/\/kleingrosswunderbar.de\/","name":"KleinGrossWunderbar","description":"Kurse f\u00fcr dich und dein Kind","potentialAction":[{"@type":"SearchAction","target":{"@type":"EntryPoint","urlTemplate":"https:\/\/kleingrosswunderbar.de\/?s={search_term_string}"},"query-input":{"@type":"PropertyValueSpecification","valueRequired":true,"valueName":"search_term_string"}}],"inLanguage":"de"}]}},"jetpack_sharing_enabled":true,"_links":{"self":[{"href":"https:\/\/kleingrosswunderbar.de\/index.php?rest_route=\/wp\/v2\/pages\/123","targetHints":{"allow":["GET"]}}],"collection":[{"href":"https:\/\/kleingrosswunderbar.de\/index.php?rest_route=\/wp\/v2\/pages"}],"about":[{"href":"https:\/\/kleingrosswunderbar.de\/index.php?rest_route=\/wp\/v2\/types\/page"}],"author":[{"embeddable":true,"href":"https:\/\/kleingrosswunderbar.de\/index.php?rest_route=\/wp\/v2\/users\/1"}],"replies":[{"embeddable":true,"href":"https:\/\/kleingrosswunderbar.de\/index.php?rest_route=%2Fwp%2Fv2%2Fcomments&post=123"}],"version-history":[{"count":13,"href":"https:\/\/kleingrosswunderbar.de\/index.php?rest_route=\/wp\/v2\/pages\/123\/revisions"}],"predecessor-version":[{"id":240,"href":"https:\/\/kleingrosswunderbar.de\/index.php?rest_route=\/wp\/v2\/pages\/123\/revisions\/240"}],"wp:featuredmedia":[{"embeddable":true,"href":"https:\/\/kleingrosswunderbar.de\/index.php?rest_route=\/wp\/v2\/media\/90"}],"wp:attachment":[{"href":"https:\/\/kleingrosswunderbar.de\/index.php?rest_route=%2Fwp%2Fv2%2Fmedia&parent=123"}],"curies":[{"name":"wp","href":"https:\/\/api.w.org\/{rel}","templated":true}]}}